{"id":694,"date":"2024-01-02T17:36:21","date_gmt":"2024-01-02T17:36:21","guid":{"rendered":"https:\/\/maproglobal.com\/?page_id=694"},"modified":"2025-02-01T08:59:04","modified_gmt":"2025-02-01T08:59:04","slug":"imprint","status":"publish","type":"page","link":"https:\/\/maproglobal.com\/en\/imprint\/","title":{"rendered":"Imprint"},"content":{"rendered":"<div data-elementor-type=\"wp-page\" data-elementor-id=\"694\" class=\"elementor elementor-694\" data-elementor-post-type=\"page\">\n\t\t\t\t<div class=\"elementor-element elementor-element-46d8b6c e-flex e-con-boxed e-con e-parent\" data-id=\"46d8b6c\" data-element_type=\"container\">\n\t\t\t\t\t<div class=\"e-con-inner\">\n\t\t\t\t<div class=\"elementor-element elementor-element-1133d21 elementor-widget elementor-widget-text-editor\" data-id=\"1133d21\" data-element_type=\"widget\" data-widget_type=\"text-editor.default\">\n\t\t\t\t\t\t\t\t\t<h3><strong>Imprint<\/strong><\/h3><p><strong>MaproGlobal O\u00dc<\/strong><br \/>Kesklinna linnaosa, Tornim\u00e4e tn 3\/5\/7<br \/>Harju maakond, 10145 Tallinn, Estland<\/p><p><strong>Registrierungsnummer:<\/strong> 16665150<br \/><strong>Umsatzsteuer-Identifikationsnummer (VAT ID):<\/strong> EE102585850<\/p><p><strong>Kontakt:<\/strong><br \/>E-Mail: <a rel=\"noopener\">hello@maproglobal.com<\/a><br \/>Website: <a href=\"https:\/\/maproglobal.com\/en\/\" target=\"_new\" rel=\"noopener\">https:\/\/maproglobal.com<\/a><\/p><p>\u00a0<\/p><hr \/><p>\u00a0<\/p><h3><strong>Hinweise zur Haftung<\/strong><\/h3><h4><strong>Haftung f\u00fcr Inhalte<\/strong><\/h4><p>Die Inhalte unserer Website wurden mit gr\u00f6\u00dfter Sorgfalt erstellt. F\u00fcr die Richtigkeit, Vollst\u00e4ndigkeit und Aktualit\u00e4t der Inhalte k\u00f6nnen wir jedoch keine Gew\u00e4hr \u00fcbernehmen. Als Dienstanbieter sind wir f\u00fcr eigene Inhalte auf diesen Seiten nach estischem Recht verantwortlich.<\/p><h4><strong>Haftung f\u00fcr Links<\/strong><\/h4><p>Unsere Website enth\u00e4lt Links zu externen Websites Dritter. Auf deren Inhalte haben wir keinen Einfluss und \u00fcbernehmen daher keine Verantwortung f\u00fcr diese fremden Inhalte. Zum Zeitpunkt der Verlinkung wurden diese Seiten auf m\u00f6gliche Rechtsverst\u00f6\u00dfe \u00fcberpr\u00fcft, rechtswidrige Inhalte waren nicht erkennbar. Eine kontinuierliche Kontrolle der Inhalte verlinkter Seiten ist jedoch nicht zumutbar. Bei Bekanntwerden von Rechtsverletzungen werden wir derartige Links umgehend entfernen.<\/p><p>\u00a0<\/p><hr \/><h3><strong>\u00a0<\/strong><\/h3><h3><strong>Urheberrecht<\/strong><\/h3><p>Die Inhalte und Werke auf dieser Website unterliegen estischem Urheberrecht. Jede Art der Vervielf\u00e4ltigung, Bearbeitung, Verbreitung oder Verwertung bedarf unserer schriftlichen Zustimmung. Downloads und Kopien dieser Seite sind nur f\u00fcr den privaten, nicht kommerziellen Gebrauch erlaubt.<\/p><hr \/><p>\u00a0<\/p>\t\t\t\t\t\t\t\t<\/div>\n\t\t\t\t\t<\/div>\n\t\t\t\t<\/div>\n\t\t\t\t<\/div>","protected":false},"excerpt":{"rendered":"<p>Impressum MaproGlobal O\u00dcKesklinna linnaosa, Tornim\u00e4e tn 3\/5\/7Harju maakond, 10145 Tallinn, Estland Registrierungsnummer: 16665150Umsatzsteuer-Identifikationsnummer (VAT ID): EE102585850 Kontakt:E-Mail: hello@maproglobal.comWebsite: https:\/\/maproglobal.com \u00a0 [&hellip;]<\/p>","protected":false},"author":1,"featured_media":0,"parent":0,"menu_order":0,"comment_status":"closed","ping_status":"closed","template":"elementor_header_footer","meta":{"site-sidebar-layout":"default","site-content-layout":"","ast-site-content-layout":"","site-content-style":"default","site-sidebar-style":"default","ast-global-header-display":"","ast-banner-title-visibility":"","ast-main-header-display":"","ast-hfb-above-header-display":"","ast-hfb-below-header-display":"","ast-hfb-mobile-header-display":"","site-post-title":"","ast-breadcrumbs-content":"","ast-featured-img":"","footer-sml-layout":"","theme-transparent-header-meta":"","adv-header-id-meta":"","stick-header-meta":"","header-above-stick-meta":"","header-main-stick-meta":"","header-below-stick-meta":"","astra-migrate-meta-layouts":"default","ast-page-background-enabled":"default","ast-page-background-meta":{"desktop":{"background-color":"var(--ast-global-color-5)","background-image":"","background-repeat":"repeat","background-position":"center center","background-size":"auto","background-attachment":"scroll","background-type":"","background-media":"","overlay-type":"","overlay-color":"","overlay-opacity":"","overlay-gradient":""},"tablet":{"background-color":"","background-image":"","background-repeat":"repeat","background-position":"center center","background-size":"auto","background-attachment":"scroll","background-type":"","background-media":"","overlay-type":"","overlay-color":"","overlay-opacity":"","overlay-gradient":""},"mobile":{"background-color":"","background-image":"","background-repeat":"repeat","background-position":"center center","background-size":"auto","background-attachment":"scroll","background-type":"","background-media":"","overlay-type":"","overlay-color":"","overlay-opacity":"","overlay-gradient":""}},"ast-content-background-meta":{"desktop":{"background-color":"var(--ast-global-color-4)","background-image":"","background-repeat":"repeat","background-position":"center center","background-size":"auto","background-attachment":"scroll","background-type":"","background-media":"","overlay-type":"","overlay-color":"","overlay-opacity":"","overlay-gradient":""},"tablet":{"background-color":"var(--ast-global-color-4)","background-image":"","background-repeat":"repeat","background-position":"center center","background-size":"auto","background-attachment":"scroll","background-type":"","background-media":"","overlay-type":"","overlay-color":"","overlay-opacity":"","overlay-gradient":""},"mobile":{"background-color":"var(--ast-global-color-4)","background-image":"","background-repeat":"repeat","background-position":"center center","background-size":"auto","background-attachment":"scroll","background-type":"","background-media":"","overlay-type":"","overlay-color":"","overlay-opacity":"","overlay-gradient":""}},"footnotes":""},"class_list":["post-694","page","type-page","status-publish","hentry"],"_links":{"self":[{"href":"https:\/\/maproglobal.com\/en\/wp-json\/wp\/v2\/pages\/694","targetHints":{"allow":["GET"]}}],"collection":[{"href":"https:\/\/maproglobal.com\/en\/wp-json\/wp\/v2\/pages"}],"about":[{"href":"https:\/\/maproglobal.com\/en\/wp-json\/wp\/v2\/types\/page"}],"author":[{"embeddable":true,"href":"https:\/\/maproglobal.com\/en\/wp-json\/wp\/v2\/users\/1"}],"replies":[{"embeddable":true,"href":"https:\/\/maproglobal.com\/en\/wp-json\/wp\/v2\/comments?post=694"}],"version-history":[{"count":0,"href":"https:\/\/maproglobal.com\/en\/wp-json\/wp\/v2\/pages\/694\/revisions"}],"wp:attachment":[{"href":"https:\/\/maproglobal.com\/en\/wp-json\/wp\/v2\/media?parent=694"}],"curies":[{"name":"wp","href":"https:\/\/api.w.org\/{rel}","templated":true}]}}