{"id":3248,"date":"2025-03-19T17:04:43","date_gmt":"2025-03-19T17:04:43","guid":{"rendered":"https:\/\/maproglobal.com\/?page_id=3248"},"modified":"2025-03-19T17:20:24","modified_gmt":"2025-03-19T17:20:24","slug":"potenzialanlyse-bestaetigung","status":"publish","type":"page","link":"https:\/\/maproglobal.com\/en\/potenzialanlyse-bestaetigung\/","title":{"rendered":"Potenzialanlyse Best\u00e4tigung"},"content":{"rendered":"<div data-elementor-type=\"wp-page\" data-elementor-id=\"3248\" class=\"elementor elementor-3248\" data-elementor-post-type=\"page\">\n\t\t\t\t<div class=\"elementor-element elementor-element-2a52f39 e-flex e-con-boxed e-con e-parent\" data-id=\"2a52f39\" data-element_type=\"container\">\n\t\t\t\t\t<div class=\"e-con-inner\">\n\t\t<div class=\"elementor-element elementor-element-67af430 e-con-full e-flex e-con e-child\" data-id=\"67af430\" data-element_type=\"container\" data-settings=\"{&quot;background_background&quot;:&quot;classic&quot;}\">\n\t\t\t\t<\/div>\n\t\t<div class=\"elementor-element elementor-element-2352e6d e-con-full e-flex e-con e-child\" data-id=\"2352e6d\" data-element_type=\"container\">\n\t\t\t\t<div class=\"elementor-element elementor-element-ebccfff elementor-widget elementor-widget-text-editor\" data-id=\"ebccfff\" data-element_type=\"widget\" data-widget_type=\"text-editor.default\">\n\t\t\t\t\t\t\t\t\t<p>Vielen Dank \u2013 deine Potenzialanalyse ist unterwegs!<\/p>\t\t\t\t\t\t\t\t<\/div>\n\t\t\t\t<div class=\"elementor-element elementor-element-a83bbf0 elementor-widget elementor-widget-text-editor\" data-id=\"a83bbf0\" data-element_type=\"widget\" data-widget_type=\"text-editor.default\">\n\t\t\t\t\t\t\t\t\t<p data-start=\"435\" data-end=\"660\">Wir haben deine Angaben erhalten und pr\u00fcfen nun dein individuelles Potenzialprofil. In 24-48h melden wir uns mit einer ersten Einsch\u00e4tzung und einer klaren Empfehlung f\u00fcr deine n\u00e4chsten Schritte im strukturierten B2B-Outreach.<\/p><p data-start=\"662\" data-end=\"798\">Damit du sofort startklar bist, kannst du dir schon jetzt einen eigenen<b> Zugang zu Apollo.io<\/b> anlegen \u2013 <b>kostenfrei und ohne Verpflichtung.<\/b><\/p>\t\t\t\t\t\t\t\t<\/div>\n\t\t\t\t<div class=\"elementor-element elementor-element-641ce9e elementor-button-success elementor-align-center elementor-widget elementor-widget-button\" data-id=\"641ce9e\" data-element_type=\"widget\" data-widget_type=\"button.default\">\n\t\t\t\t\t\t\t\t\t\t<a class=\"elementor-button elementor-button-link elementor-size-sm elementor-animation-shrink\" href=\"https:\/\/get.apollo.io\/nk8r7tl19vk2\">\n\t\t\t\t\t\t<span class=\"elementor-button-content-wrapper\">\n\t\t\t\t\t\t\t\t\t<span class=\"elementor-button-text\">Jetzt kostenfreies Apollo-Konto er\u00f6ffnen<\/span>\n\t\t\t\t\t<\/span>\n\t\t\t\t\t<\/a>\n\t\t\t\t\t\t\t\t<\/div>\n\t\t\t\t<div class=\"elementor-element elementor-element-82c7a86 elementor-widget elementor-widget-text-editor\" data-id=\"82c7a86\" data-element_type=\"widget\" data-widget_type=\"text-editor.default\">\n\t\t\t\t\t\t\t\t\t<p>F\u00fcr deine Outreach-Kampagnen nutzen wir Apollo.io \u2013 ein leistungsstarkes Tool, f\u00fcr das du dich <strong>kostenfrei registrieren<\/strong> kannst. Das <strong>Setup \u00fcbernehmen wir<\/strong> f\u00fcr dich.<\/p>\t\t\t\t\t\t\t\t<\/div>\n\t\t\t\t<div class=\"elementor-element elementor-element-34ef2e6 elementor-widget elementor-widget-image\" data-id=\"34ef2e6\" data-element_type=\"widget\" data-widget_type=\"image.default\">\n\t\t\t\t\t\t\t\t\t\t\t\t\t\t\t\t<a href=\"https:\/\/get.apollo.io\/nk8r7tl19vk2\">\n\t\t\t\t\t\t\t<img decoding=\"async\" width=\"150\" height=\"150\" src=\"https:\/\/maproglobal.com\/wp-content\/uploads\/2025\/01\/apollo.io-partner-1.png\" class=\"attachment-large size-large wp-image-2922\" alt=\"\" srcset=\"https:\/\/maproglobal.com\/wp-content\/uploads\/2025\/01\/apollo.io-partner-1.png 150w, https:\/\/maproglobal.com\/wp-content\/uploads\/2025\/01\/apollo.io-partner-1-12x12.png 12w\" sizes=\"(max-width: 150px) 100vw, 150px\" \/>\t\t\t\t\t\t\t\t<\/a>\n\t\t\t\t\t\t\t\t\t\t\t\t\t\t\t<\/div>\n\t\t\t\t<\/div>\n\t\t\t\t\t<\/div>\n\t\t\t\t<\/div>\n\t\t\t\t<\/div>","protected":false},"excerpt":{"rendered":"<p>Vielen Dank \u2013 deine Potenzialanalyse ist unterwegs! Wir haben deine Angaben erhalten und pr\u00fcfen nun dein individuelles Potenzialprofil. In 24-48h [&hellip;]<\/p>","protected":false},"author":1,"featured_media":0,"parent":0,"menu_order":0,"comment_status":"closed","ping_status":"closed","template":"elementor_header_footer","meta":{"site-sidebar-layout":"no-sidebar","site-content-layout":"","ast-site-content-layout":"full-width-container","site-content-style":"default","site-sidebar-style":"default","ast-global-header-display":"","ast-banner-title-visibility":"","ast-main-header-display":"","ast-hfb-above-header-display":"","ast-hfb-below-header-display":"","ast-hfb-mobile-header-display":"","site-post-title":"disabled","ast-breadcrumbs-content":"","ast-featured-img":"disabled","footer-sml-layout":"","theme-transparent-header-meta":"","adv-header-id-meta":"","stick-header-meta":"","header-above-stick-meta":"","header-main-stick-meta":"","header-below-stick-meta":"","astra-migrate-meta-layouts":"default","ast-page-background-enabled":"default","ast-page-background-meta":{"desktop":{"background-color":"var(--ast-global-color-5)","background-image":"","background-repeat":"repeat","background-position":"center center","background-size":"auto","background-attachment":"scroll","background-type":"","background-media":"","overlay-type":"","overlay-color":"","overlay-opacity":"","overlay-gradient":""},"tablet":{"background-color":"","background-image":"","background-repeat":"repeat","background-position":"center center","background-size":"auto","background-attachment":"scroll","background-type":"","background-media":"","overlay-type":"","overlay-color":"","overlay-opacity":"","overlay-gradient":""},"mobile":{"background-color":"","background-image":"","background-repeat":"repeat","background-position":"center center","background-size":"auto","background-attachment":"scroll","background-type":"","background-media":"","overlay-type":"","overlay-color":"","overlay-opacity":"","overlay-gradient":""}},"ast-content-background-meta":{"desktop":{"background-color":"var(--ast-global-color-4)","background-image":"","background-repeat":"repeat","background-position":"center center","background-size":"auto","background-attachment":"scroll","background-type":"","background-media":"","overlay-type":"","overlay-color":"","overlay-opacity":"","overlay-gradient":""},"tablet":{"background-color":"var(--ast-global-color-4)","background-image":"","background-repeat":"repeat","background-position":"center center","background-size":"auto","background-attachment":"scroll","background-type":"","background-media":"","overlay-type":"","overlay-color":"","overlay-opacity":"","overlay-gradient":""},"mobile":{"background-color":"var(--ast-global-color-4)","background-image":"","background-repeat":"repeat","background-position":"center center","background-size":"auto","background-attachment":"scroll","background-type":"","background-media":"","overlay-type":"","overlay-color":"","overlay-opacity":"","overlay-gradient":""}},"footnotes":""},"class_list":["post-3248","page","type-page","status-publish","hentry"],"_links":{"self":[{"href":"https:\/\/maproglobal.com\/en\/wp-json\/wp\/v2\/pages\/3248","targetHints":{"allow":["GET"]}}],"collection":[{"href":"https:\/\/maproglobal.com\/en\/wp-json\/wp\/v2\/pages"}],"about":[{"href":"https:\/\/maproglobal.com\/en\/wp-json\/wp\/v2\/types\/page"}],"author":[{"embeddable":true,"href":"https:\/\/maproglobal.com\/en\/wp-json\/wp\/v2\/users\/1"}],"replies":[{"embeddable":true,"href":"https:\/\/maproglobal.com\/en\/wp-json\/wp\/v2\/comments?post=3248"}],"version-history":[{"count":0,"href":"https:\/\/maproglobal.com\/en\/wp-json\/wp\/v2\/pages\/3248\/revisions"}],"wp:attachment":[{"href":"https:\/\/maproglobal.com\/en\/wp-json\/wp\/v2\/media?parent=3248"}],"curies":[{"name":"wp","href":"https:\/\/api.w.org\/{rel}","templated":true}]}}