{"id":1870,"date":"2025-01-10T18:42:00","date_gmt":"2025-01-10T18:42:00","guid":{"rendered":"https:\/\/maproglobal.com\/?page_id=1870"},"modified":"2025-05-21T19:28:15","modified_gmt":"2025-05-21T19:28:15","slug":"uber-uns","status":"publish","type":"page","link":"https:\/\/maproglobal.com\/en\/uber-uns\/","title":{"rendered":"About us"},"content":{"rendered":"<div data-elementor-type=\"wp-page\" data-elementor-id=\"1870\" class=\"elementor elementor-1870\" data-elementor-post-type=\"page\">\n\t\t\t\t<div class=\"elementor-element elementor-element-bd0887d e-flex e-con-boxed e-con e-parent\" data-id=\"bd0887d\" data-element_type=\"container\">\n\t\t\t\t\t<div class=\"e-con-inner\">\n\t\t\t\t<div class=\"elementor-element elementor-element-4c0c30a elementor-widget elementor-widget-heading\" data-id=\"4c0c30a\" data-element_type=\"widget\" data-widget_type=\"heading.default\">\n\t\t\t\t\t<h2 class=\"elementor-heading-title elementor-size-default\">Experts in lead generation and sales success<\/h2>\t\t\t\t<\/div>\n\t\t\t\t<div class=\"elementor-element elementor-element-f253317 elementor-widget elementor-widget-text-editor\" data-id=\"f253317\" data-element_type=\"widget\" data-widget_type=\"text-editor.default\">\n\t\t\t\t\t\t\t\t\t<p>MaproGlobal is your partner for flexible and results-oriented sales solutions. With experienced sales agents and a multi-channel approach, we support companies in taking their lead generation to the next level.<\/p>\t\t\t\t\t\t\t\t<\/div>\n\t\t\t\t\t<\/div>\n\t\t\t\t<\/div>\n\t\t<div class=\"elementor-element elementor-element-391808e e-flex e-con-boxed e-con e-parent\" data-id=\"391808e\" data-element_type=\"container\">\n\t\t\t\t\t<div class=\"e-con-inner\">\n\t\t<div class=\"elementor-element elementor-element-fd28b51 e-con-full e-flex e-con e-child\" data-id=\"fd28b51\" data-element_type=\"container\">\n\t\t\t\t<div class=\"elementor-element elementor-element-65d503d elementor-widget elementor-widget-heading\" data-id=\"65d503d\" data-element_type=\"widget\" data-widget_type=\"heading.default\">\n\t\t\t\t\t<h2 class=\"elementor-heading-title elementor-size-default\">We are creating a new standard in lead generation.<\/h2>\t\t\t\t<\/div>\n\t\t\t\t<\/div>\n\t\t<div class=\"elementor-element elementor-element-9dbb02b e-con-full e-flex e-con e-child\" data-id=\"9dbb02b\" data-element_type=\"container\">\n\t\t\t\t<div class=\"elementor-element elementor-element-1e17ea4 elementor-widget elementor-widget-text-editor\" data-id=\"1e17ea4\" data-element_type=\"widget\" data-widget_type=\"text-editor.default\">\n\t\t\t\t\t\t\t\t\t<p>Our vision is to support companies with flexible, personalized and results-oriented sales solutions. We believe in the power of direct, human contact - combined with innovative multichannel strategies that create real connections and deliver measurable success.<\/p><p>We want to revolutionize the way sales is thought of by focusing on sustainable results and long-term partnerships. Mapro Global stands for quality, transparency and growth - for your business, your goals and your success.<\/p>\t\t\t\t\t\t\t\t<\/div>\n\t\t\t\t<\/div>\n\t\t\t\t\t<\/div>\n\t\t\t\t<\/div>\n\t\t<div class=\"elementor-element elementor-element-13f64d6 e-flex e-con-boxed e-con e-parent\" data-id=\"13f64d6\" data-element_type=\"container\">\n\t\t\t\t\t<div class=\"e-con-inner\">\n\t\t\t\t<div class=\"elementor-element elementor-element-da66d11 elementor-widget elementor-widget-heading\" data-id=\"da66d11\" data-element_type=\"widget\" data-widget_type=\"heading.default\">\n\t\t\t\t\t<h2 class=\"elementor-heading-title elementor-size-default\">Sales expertise that delivers results.<\/h2>\t\t\t\t<\/div>\n\t\t\t\t\t<\/div>\n\t\t\t\t<\/div>\n\t\t<div class=\"elementor-element elementor-element-71a5fc3 e-flex e-con-boxed e-con e-parent\" data-id=\"71a5fc3\" data-element_type=\"container\">\n\t\t\t\t\t<div class=\"e-con-inner\">\n\t\t<div class=\"elementor-element elementor-element-e522636 e-con-full e-flex e-con e-child\" data-id=\"e522636\" data-element_type=\"container\">\n\t\t\t\t<div class=\"elementor-element elementor-element-77bea9b elementor-widget elementor-widget-image\" data-id=\"77bea9b\" data-element_type=\"widget\" data-widget_type=\"image.default\">\n\t\t\t\t\t\t\t\t\t\t\t\t\t\t\t<img fetchpriority=\"high\" decoding=\"async\" width=\"300\" height=\"300\" src=\"https:\/\/maproglobal.com\/wp-content\/uploads\/2025\/01\/manuel-proschko-300x300.jpeg\" class=\"attachment-medium size-medium wp-image-1900\" alt=\"\" srcset=\"https:\/\/maproglobal.com\/wp-content\/uploads\/2025\/01\/manuel-proschko-300x300.jpeg 300w, https:\/\/maproglobal.com\/wp-content\/uploads\/2025\/01\/manuel-proschko-150x150.jpeg 150w, https:\/\/maproglobal.com\/wp-content\/uploads\/2025\/01\/manuel-proschko-768x768.jpeg 768w, https:\/\/maproglobal.com\/wp-content\/uploads\/2025\/01\/manuel-proschko-12x12.jpeg 12w, https:\/\/maproglobal.com\/wp-content\/uploads\/2025\/01\/manuel-proschko.jpeg 800w\" sizes=\"(max-width: 300px) 100vw, 300px\" \/>\t\t\t\t\t\t\t\t\t\t\t\t\t\t\t<\/div>\n\t\t\t\t<\/div>\n\t\t<div class=\"elementor-element elementor-element-5c135f9 e-con-full e-flex e-con e-child\" data-id=\"5c135f9\" data-element_type=\"container\">\n\t\t\t\t<div class=\"elementor-element elementor-element-aa9f73f elementor-widget elementor-widget-text-editor\" data-id=\"aa9f73f\" data-element_type=\"widget\" data-widget_type=\"text-editor.default\">\n\t\t\t\t\t\t\t\t\t<p>MaproGlobal was founded in 2019 by Manuel Proschko, a sales professional with over 20 years of experience. His career spans more than a decade in real estate sales, including 8 years at <a href=\"https:\/\/engelvolkers.com\">Engel &amp; V\u00f6lkers<\/a>as well as activities in the sale of personnel services, SaaS solutions, marketing and e-commerce services, including to date as <strong>Head of Sales <\/strong>at <a href=\"https:\/\/amzpro.io\">AMZPro<\/a>.<\/p>\n<p>Under his leadership is a team of experienced outbound specialists who specialize in cold calling and multichannel strategies. Together, we share a clear mission: to reach your target group directly, generate high-quality leads and maximize your sales success.<\/p>\n<p><strong>Our values:<\/strong><\/p>\n<ul>\n<li><strong>Focus on results:<\/strong> We focus on measurable success.<\/li>\n<li><strong>Quality:<\/strong> Every lead, every action is designed to deliver real added value.<\/li>\n<li><strong>Flexibility:<\/strong> Our solutions are individually tailored to your requirements.<\/li>\n<li><strong>Trust:<\/strong> We build sustainable partnerships that are characterized by transparency and integrity.<\/li>\n<\/ul>\t\t\t\t\t\t\t\t<\/div>\n\t\t\t\t<\/div>\n\t\t\t\t\t<\/div>\n\t\t\t\t<\/div>\n\t\t<div class=\"elementor-element elementor-element-86dcf64 e-flex e-con-boxed e-con e-parent\" data-id=\"86dcf64\" data-element_type=\"container\">\n\t\t\t\t\t<div class=\"e-con-inner\">\n\t\t\t\t<div class=\"elementor-element elementor-element-9560583 elementor-widget elementor-widget-heading\" data-id=\"9560583\" data-element_type=\"widget\" data-widget_type=\"heading.default\">\n\t\t\t\t\t<h2 class=\"elementor-heading-title elementor-size-default\">Facts and figures<\/h2>\t\t\t\t<\/div>\n\t\t\t\t\t<\/div>\n\t\t\t\t<\/div>\n\t\t<div class=\"elementor-element elementor-element-7454370 e-flex e-con-boxed e-con e-parent\" data-id=\"7454370\" data-element_type=\"container\" data-settings=\"{&quot;background_background&quot;:&quot;classic&quot;}\">\n\t\t\t\t\t<div class=\"e-con-inner\">\n\t\t<div class=\"elementor-element elementor-element-6891436 e-con-full e-flex e-con e-child\" data-id=\"6891436\" data-element_type=\"container\">\n\t\t\t\t<div class=\"elementor-element elementor-element-8e016d2 elementor-widget elementor-widget-counter\" data-id=\"8e016d2\" data-element_type=\"widget\" data-widget_type=\"counter.default\">\n\t\t\t\t\t\t\t<div class=\"elementor-counter\">\n\t\t\t\t\t\t<div class=\"elementor-counter-number-wrapper\">\n\t\t\t\t<span class=\"elementor-counter-number-prefix\"><\/span>\n\t\t\t\t<span class=\"elementor-counter-number\" data-duration=\"2000\" data-to-value=\"20\" data-from-value=\"0\" data-delimiter=\",\">0<\/span>\n\t\t\t\t<span class=\"elementor-counter-number-suffix\">years<\/span>\n\t\t\t<\/div>\n\t\t<\/div>\n\t\t\t\t\t\t<\/div>\n\t\t\t\t<div class=\"elementor-element elementor-element-aeae149 elementor-widget elementor-widget-image-box\" data-id=\"aeae149\" data-element_type=\"widget\" data-widget_type=\"image-box.default\">\n\t\t\t\t\t<div class=\"elementor-image-box-wrapper\"><div class=\"elementor-image-box-content\"><h4 class=\"elementor-image-box-title\">Sales experience<\/h4><p class=\"elementor-image-box-description\">In various industries.<\/p><\/div><\/div>\t\t\t\t<\/div>\n\t\t\t\t<\/div>\n\t\t<div class=\"elementor-element elementor-element-f6e287a e-con-full e-flex e-con e-child\" data-id=\"f6e287a\" data-element_type=\"container\">\n\t\t\t\t<div class=\"elementor-element elementor-element-bea4c1c elementor-widget elementor-widget-counter\" data-id=\"bea4c1c\" data-element_type=\"widget\" data-widget_type=\"counter.default\">\n\t\t\t\t\t\t\t<div class=\"elementor-counter\">\n\t\t\t\t\t\t<div class=\"elementor-counter-number-wrapper\">\n\t\t\t\t<span class=\"elementor-counter-number-prefix\"><\/span>\n\t\t\t\t<span class=\"elementor-counter-number\" data-duration=\"2000\" data-to-value=\"200\" data-from-value=\"0\" data-delimiter=\",\">0<\/span>\n\t\t\t\t<span class=\"elementor-counter-number-suffix\">+<\/span>\n\t\t\t<\/div>\n\t\t<\/div>\n\t\t\t\t\t\t<\/div>\n\t\t\t\t<div class=\"elementor-element elementor-element-9fc671a elementor-widget elementor-widget-image-box\" data-id=\"9fc671a\" data-element_type=\"widget\" data-widget_type=\"image-box.default\">\n\t\t\t\t\t<div class=\"elementor-image-box-wrapper\"><div class=\"elementor-image-box-content\"><h4 class=\"elementor-image-box-title\">Sales professionals<\/h4><p class=\"elementor-image-box-description\">In MaproGlobal's internal talent pool<\/p><\/div><\/div>\t\t\t\t<\/div>\n\t\t\t\t<\/div>\n\t\t<div class=\"elementor-element elementor-element-5b8c7ef e-con-full e-flex e-con e-child\" data-id=\"5b8c7ef\" data-element_type=\"container\">\n\t\t\t\t<div class=\"elementor-element elementor-element-5f2a753 elementor-widget elementor-widget-counter\" data-id=\"5f2a753\" data-element_type=\"widget\" data-widget_type=\"counter.default\">\n\t\t\t\t\t\t\t<div class=\"elementor-counter\">\n\t\t\t\t\t\t<div class=\"elementor-counter-number-wrapper\">\n\t\t\t\t<span class=\"elementor-counter-number-prefix\"><\/span>\n\t\t\t\t<span class=\"elementor-counter-number\" data-duration=\"2000\" data-to-value=\"20000\" data-from-value=\"0\" data-delimiter=\",\">0<\/span>\n\t\t\t\t<span class=\"elementor-counter-number-suffix\">+<\/span>\n\t\t\t<\/div>\n\t\t<\/div>\n\t\t\t\t\t\t<\/div>\n\t\t\t\t<div class=\"elementor-element elementor-element-416be08 elementor-widget elementor-widget-image-box\" data-id=\"416be08\" data-element_type=\"widget\" data-widget_type=\"image-box.default\">\n\t\t\t\t\t<div class=\"elementor-image-box-wrapper\"><div class=\"elementor-image-box-content\"><h4 class=\"elementor-image-box-title\">Leads<\/h4><p class=\"elementor-image-box-description\">Generated since launch in 2019.<\/p><\/div><\/div>\t\t\t\t<\/div>\n\t\t\t\t<\/div>\n\t\t<div class=\"elementor-element elementor-element-4055b4b e-con-full e-flex e-con e-child\" data-id=\"4055b4b\" data-element_type=\"container\">\n\t\t\t\t<div class=\"elementor-element elementor-element-99fb4b3 elementor-widget elementor-widget-counter\" data-id=\"99fb4b3\" data-element_type=\"widget\" data-widget_type=\"counter.default\">\n\t\t\t\t\t\t\t<div class=\"elementor-counter\">\n\t\t\t\t\t\t<div class=\"elementor-counter-number-wrapper\">\n\t\t\t\t<span class=\"elementor-counter-number-prefix\"><\/span>\n\t\t\t\t<span class=\"elementor-counter-number\" data-duration=\"2000\" data-to-value=\"200\" data-from-value=\"0\" data-delimiter=\",\">0<\/span>\n\t\t\t\t<span class=\"elementor-counter-number-suffix\">M+ \u20ac<\/span>\n\t\t\t<\/div>\n\t\t<\/div>\n\t\t\t\t\t\t<\/div>\n\t\t\t\t<div class=\"elementor-element elementor-element-9a2c148 elementor-widget elementor-widget-image-box\" data-id=\"9a2c148\" data-element_type=\"widget\" data-widget_type=\"image-box.default\">\n\t\t\t\t\t<div class=\"elementor-image-box-wrapper\"><div class=\"elementor-image-box-content\"><h4 class=\"elementor-image-box-title\">Revenue<\/h4><p class=\"elementor-image-box-description\">YRR generated for our customers.<\/p><\/div><\/div>\t\t\t\t<\/div>\n\t\t\t\t<\/div>\n\t\t\t\t\t<\/div>\n\t\t\t\t<\/div>\n\t\t\t\t<\/div>","protected":false},"excerpt":{"rendered":"<p>Experten f\u00fcr Lead-Generierung und Vertriebserfolg MaproGlobal ist dein Partner f\u00fcr flexible und ergebnisorientierte Vertriebsl\u00f6sungen. Mit erfahrenen Sales Agents und einem [&hellip;]<\/p>","protected":false},"author":1,"featured_media":0,"parent":0,"menu_order":0,"comment_status":"closed","ping_status":"closed","template":"elementor_header_footer","meta":{"site-sidebar-layout":"default","site-content-layout":"","ast-site-content-layout":"","site-content-style":"default","site-sidebar-style":"default","ast-global-header-display":"","ast-banner-title-visibility":"","ast-main-header-display":"","ast-hfb-above-header-display":"","ast-hfb-below-header-display":"","ast-hfb-mobile-header-display":"","site-post-title":"","ast-breadcrumbs-content":"","ast-featured-img":"","footer-sml-layout":"","theme-transparent-header-meta":"","adv-header-id-meta":"","stick-header-meta":"","header-above-stick-meta":"","header-main-stick-meta":"","header-below-stick-meta":"","astra-migrate-meta-layouts":"default","ast-page-background-enabled":"default","ast-page-background-meta":{"desktop":{"background-color":"var(--ast-global-color-5)","background-image":"","background-repeat":"repeat","background-position":"center center","background-size":"auto","background-attachment":"scroll","background-type":"","background-media":"","overlay-type":"","overlay-color":"","overlay-opacity":"","overlay-gradient":""},"tablet":{"background-color":"","background-image":"","background-repeat":"repeat","background-position":"center center","background-size":"auto","background-attachment":"scroll","background-type":"","background-media":"","overlay-type":"","overlay-color":"","overlay-opacity":"","overlay-gradient":""},"mobile":{"background-color":"","background-image":"","background-repeat":"repeat","background-position":"center center","background-size":"auto","background-attachment":"scroll","background-type":"","background-media":"","overlay-type":"","overlay-color":"","overlay-opacity":"","overlay-gradient":""}},"ast-content-background-meta":{"desktop":{"background-color":"var(--ast-global-color-4)","background-image":"","background-repeat":"repeat","background-position":"center center","background-size":"auto","background-attachment":"scroll","background-type":"","background-media":"","overlay-type":"","overlay-color":"","overlay-opacity":"","overlay-gradient":""},"tablet":{"background-color":"var(--ast-global-color-4)","background-image":"","background-repeat":"repeat","background-position":"center center","background-size":"auto","background-attachment":"scroll","background-type":"","background-media":"","overlay-type":"","overlay-color":"","overlay-opacity":"","overlay-gradient":""},"mobile":{"background-color":"var(--ast-global-color-4)","background-image":"","background-repeat":"repeat","background-position":"center center","background-size":"auto","background-attachment":"scroll","background-type":"","background-media":"","overlay-type":"","overlay-color":"","overlay-opacity":"","overlay-gradient":""}},"footnotes":""},"class_list":["post-1870","page","type-page","status-publish","hentry"],"_links":{"self":[{"href":"https:\/\/maproglobal.com\/en\/wp-json\/wp\/v2\/pages\/1870","targetHints":{"allow":["GET"]}}],"collection":[{"href":"https:\/\/maproglobal.com\/en\/wp-json\/wp\/v2\/pages"}],"about":[{"href":"https:\/\/maproglobal.com\/en\/wp-json\/wp\/v2\/types\/page"}],"author":[{"embeddable":true,"href":"https:\/\/maproglobal.com\/en\/wp-json\/wp\/v2\/users\/1"}],"replies":[{"embeddable":true,"href":"https:\/\/maproglobal.com\/en\/wp-json\/wp\/v2\/comments?post=1870"}],"version-history":[{"count":3,"href":"https:\/\/maproglobal.com\/en\/wp-json\/wp\/v2\/pages\/1870\/revisions"}],"predecessor-version":[{"id":4835,"href":"https:\/\/maproglobal.com\/en\/wp-json\/wp\/v2\/pages\/1870\/revisions\/4835"}],"wp:attachment":[{"href":"https:\/\/maproglobal.com\/en\/wp-json\/wp\/v2\/media?parent=1870"}],"curies":[{"name":"wp","href":"https:\/\/api.w.org\/{rel}","templated":true}]}}